{"id":20,"date":"2025-03-22T17:50:38","date_gmt":"2025-03-22T17:50:38","guid":{"rendered":"http:\/\/localhost\/wordpress_radio\/?page_id=20"},"modified":"2025-04-07T14:26:38","modified_gmt":"2025-04-07T17:26:38","slug":"contactanos","status":"publish","type":"page","link":"https:\/\/radiogigafm.com\/index.php\/contactanos\/","title":{"rendered":"Contactanos"},"content":{"rendered":"\n<p class=\"has-black-color has-text-color has-link-color wp-elements-b81210e2e883b3ee106247a7d7abbff4\">\u00bfQuer\u00e9s enviarnos una propuesta, compartir una gacetilla de prensa o formar parte de nuestra programaci\u00f3n?<br>En <strong>Radio Giga FM<\/strong> estamos abiertos a colaboraciones, contenidos, coberturas y todo tipo de iniciativas que sumen a nuestra comunidad.<\/p>\n\n\n\n<p class=\"has-black-color has-text-color has-link-color wp-elements-4aefd8a589b74b40d321615793e39af8\">Pod\u00e9s comunicarte con nosotros escribiendo a:<br>\ud83d\udce7 <strong><a>radiogiga.nqn@gmail.com<\/a><\/strong><\/p>\n\n\n\n<p class=\"has-black-color has-text-color has-link-color wp-elements-c4cd561383e2f70d04d902229bfa558f\">Te pedimos que nos detalles lo m\u00e1s posible tu propuesta para poder derivarla al \u00e1rea correspondiente y darte una respuesta m\u00e1s r\u00e1pida.<\/p>\n\n\n\n<p class=\"has-black-color has-text-color has-link-color wp-elements-3de522bd9e82af31205f083bc6fef3e2\">\u00a1Gracias por tu inter\u00e9s en ser parte del universo Giga!<\/p>\n","protected":false},"excerpt":{"rendered":"<p>\u00bfQuer\u00e9s enviarnos una propuesta, compartir una gacetilla de prensa o formar parte de nuestra programaci\u00f3n?En Radio Giga FM estamos abiertos a colaboraciones, contenidos, coberturas y todo tipo de iniciativas que sumen a nuestra comunidad. Pod\u00e9s comunicarte con nosotros escribiendo a:\ud83d\udce7 radiogiga.nqn@gmail.com Te pedimos que nos detalles lo m\u00e1s posible tu propuesta para poder derivarla al [&hellip;]<\/p>\n","protected":false},"author":1,"featured_media":0,"parent":0,"menu_order":0,"comment_status":"closed","ping_status":"closed","template":"","meta":{"footnotes":""},"class_list":["post-20","page","type-page","status-publish","hentry"],"_links":{"self":[{"href":"https:\/\/radiogigafm.com\/index.php\/wp-json\/wp\/v2\/pages\/20","targetHints":{"allow":["GET"]}}],"collection":[{"href":"https:\/\/radiogigafm.com\/index.php\/wp-json\/wp\/v2\/pages"}],"about":[{"href":"https:\/\/radiogigafm.com\/index.php\/wp-json\/wp\/v2\/types\/page"}],"author":[{"embeddable":true,"href":"https:\/\/radiogigafm.com\/index.php\/wp-json\/wp\/v2\/users\/1"}],"replies":[{"embeddable":true,"href":"https:\/\/radiogigafm.com\/index.php\/wp-json\/wp\/v2\/comments?post=20"}],"version-history":[{"count":4,"href":"https:\/\/radiogigafm.com\/index.php\/wp-json\/wp\/v2\/pages\/20\/revisions"}],"predecessor-version":[{"id":93,"href":"https:\/\/radiogigafm.com\/index.php\/wp-json\/wp\/v2\/pages\/20\/revisions\/93"}],"wp:attachment":[{"href":"https:\/\/radiogigafm.com\/index.php\/wp-json\/wp\/v2\/media?parent=20"}],"curies":[{"name":"wp","href":"https:\/\/api.w.org\/{rel}","templated":true}]}}